{"id":1977,"date":"2023-02-16T15:14:19","date_gmt":"2023-02-16T13:14:19","guid":{"rendered":"https:\/\/airbagrecycling.nl\/datenschutzerklaerung"},"modified":"2026-02-06T17:13:50","modified_gmt":"2026-02-06T15:13:50","slug":"datenschutzerklaerung","status":"publish","type":"page","link":"https:\/\/airbagrecycling.nl\/de\/datenschutzerklaerung","title":{"rendered":"Datenschutzerkl\u00e4rung"},"content":{"rendered":"\n<section class=\"wpb-header wpb-header--subpage wpb-wst--large wpb-bg-clr--transparent has-background-image\">\n\n    <div class=\"container  container--standard\">\n\n                    <div class=\"wpb-text wpb-wsb--large\">\n                <h1>Datenschutzerkl\u00e4rung<\/h1>\n            <\/div>\n        \n                    <div class=\"wpb-card wpb-card--primary wpb-card--cta-contact\">\n                <div class=\"wpb-card__header\">\n                    <img decoding=\"async\" width=\"240\" height=\"300\" src=\"https:\/\/airbagrecycling.nl\/wp-content\/uploads\/2024\/01\/niels-png-240x300.png\" class=\"attachment-medium size-medium\" alt=\"\" loading=\"lazy\" srcset=\"https:\/\/airbagrecycling.nl\/wp-content\/uploads\/2024\/01\/niels-png-240x300.png 240w, https:\/\/airbagrecycling.nl\/wp-content\/uploads\/2024\/01\/niels-png-768x960.png 768w, https:\/\/airbagrecycling.nl\/wp-content\/uploads\/2024\/01\/niels-png.png 800w\" sizes=\"auto, (max-width: 240px) 100vw, 240px\" \/>                <\/div>\n                <div class=\"wpb-card__body\">\n                    <h3 class=\"wpb-card__title\">Haben Sie eine Frage oder Anmerkung?<\/h3>\n                    <p>Kontaktieren Sie uns<\/p>\n                                            <a href=\"\/de\/kontakt\" class=\"btn btn--link\">\n                            <i class=\"wpb-icon wpb-icon--headset\"><\/i>\n                            Kontakt aufnehmen                        <\/a>\n                                    <\/div>\n            <\/div>\n        \n    <\/div>\n\n            <figure class=\"is-background-image\">\n            <img decoding=\"async\" width=\"1024\" height=\"417\" src=\"https:\/\/airbagrecycling.nl\/wp-content\/uploads\/2023\/11\/header-over-ons-1024x417.jpg\" class=\"attachment-large size-large\" alt=\"\" fetchpriority=\"high\" srcset=\"https:\/\/airbagrecycling.nl\/wp-content\/uploads\/2023\/11\/header-over-ons-1024x417.jpg 1024w, https:\/\/airbagrecycling.nl\/wp-content\/uploads\/2023\/11\/header-over-ons-300x122.jpg 300w, https:\/\/airbagrecycling.nl\/wp-content\/uploads\/2023\/11\/header-over-ons-768x313.jpg 768w, https:\/\/airbagrecycling.nl\/wp-content\/uploads\/2023\/11\/header-over-ons-1536x626.jpg 1536w, https:\/\/airbagrecycling.nl\/wp-content\/uploads\/2023\/11\/header-over-ons.jpg 1920w\" sizes=\"(max-width: 1024px) 100vw, 1024px\" \/>        <\/figure>\n    \n<\/section>\n\n\n<section class=\"wpb-block wpb-block--text wpb-wst--large wpb-wsb--large wpb-bg-clr--transparent wpb-style-elm--none\">\n\n    <div class=\"container container--medium\">\n\n                    <div class=\"wpb-text wpb-text--wide\">\n                                <p>AirbagRecycling.nl, mit Sitz in Het Riet 15, 5431NL, Cuijk, ist f\u00fcr die Verarbeitung personenbezogener Daten gem\u00e4\u00df dieser Datenschutzerkl\u00e4rung verantwortlich.<\/p>\n<p>Kontaktdaten:<\/p>\n<p>https:\/\/airbagrecycling.nl\/de Het Riet 15, 5431NL, Cuijk<\/p>\n<p><strong>Personenbezogene Daten, die wir verarbeiten<\/strong><\/p>\n<p>AirbagRecycling.nl verarbeitet keine personenbezogenen Daten, da auf unserer Website keine personenbezogenen Daten hinterlassen werden k\u00f6nnen. Zudem verwenden wir keine Social-Media-Plugins.<\/p>\n<p><strong>Besondere und\/oder sensible personenbezogene Daten, die wir verarbeiten<\/strong><\/p>\n<p>Unsere Website und\/oder unser Dienst beabsichtigt nicht, Daten \u00fcber Website-Besucher zu sammeln, die j\u00fcnger als 16 Jahre sind, es sei denn, sie haben die Erlaubnis der Eltern oder eines Erziehungsberechtigten. Wir k\u00f6nnen jedoch nicht \u00fcberpr\u00fcfen, ob ein Besucher \u00e4lter als 16 Jahre ist. Wir raten Eltern daher, sich an den Online-Aktivit\u00e4ten ihrer Kinder zu beteiligen, um zu verhindern, dass Daten \u00fcber Kinder ohne elterliche Zustimmung gesammelt werden. Wenn Sie davon \u00fcberzeugt sind, dass wir ohne diese Zustimmung personenbezogene Daten \u00fcber einen Minderj\u00e4hrigen gesammelt haben, kontaktieren Sie uns bitte unter info@airbagrecycling.nl, und wir werden diese Informationen l\u00f6schen.<\/p>\n<p><strong>Zu welchem Zweck und auf welcher Grundlage wir personenbezogene Daten verarbeiten<\/strong><\/p>\n<p>AirbagRecycling.nl verarbeitet Ihre personenbezogenen Daten zu folgenden Zwecken:<\/p>\n<ul>\n<li>Um Sie \u00fcber \u00c4nderungen an unseren Dienstleistungen und Produkten zu informieren.<\/li>\n<li>AirbagRecycling.nl analysiert Ihr Verhalten auf der Website, um die Website zu verbessern und das Angebot an Produkten und Dienstleistungen auf Ihre Pr\u00e4ferenzen abzustimmen.<\/li>\n<li>AirbagRecycling.nl verfolgt Ihr Surfverhalten \u00fcber verschiedene Websites hinweg, um unsere Produkte und Dienstleistungen auf Ihre Bed\u00fcrfnisse abzustimmen.<\/li>\n<li>AirbagRecycling.nl verarbeitet auch personenbezogene Daten, wenn wir dazu gesetzlich verpflichtet sind, wie zum Beispiel Daten, die wir f\u00fcr unsere Steuererkl\u00e4rung ben\u00f6tigen.<\/li>\n<\/ul>\n<p><strong>Automatisierte Entscheidungsfindung<\/strong><\/p>\n<p>AirbagRecycling.nl trifft keine Entscheidungen auf der Grundlage automatisierter Verarbeitungen \u00fcber Angelegenheiten, die (erhebliche) Folgen f\u00fcr Personen haben k\u00f6nnten. Dies betrifft Entscheidungen, die von Computerprogrammen oder -systemen getroffen werden, ohne dass ein Mensch (zum Beispiel ein Mitarbeiter von AirbagRecycling.nl) daran beteiligt ist.<\/p>\n<p><strong>Wie lange wir personenbezogene Daten aufbewahren<\/strong><\/p>\n<p>AirbagRecycling.nl bewahrt Ihre personenbezogenen Daten nicht l\u00e4nger auf, als es unbedingt erforderlich ist, um die Zwecke zu erf\u00fcllen, f\u00fcr die Ihre Daten erhoben werden. Wir wenden die folgenden Aufbewahrungsfristen f\u00fcr die folgenden Kategorien personenbezogener Daten an: 7 Jahre.<\/p>\n<p><strong>Weitergabe personenbezogener Daten an Dritte<\/strong><\/p>\n<p>AirbagRecycling.nl verkauft Ihre Daten nicht an Dritte und gibt sie nur weiter, wenn dies f\u00fcr die Ausf\u00fchrung unseres Vertrages mit Ihnen oder zur Erf\u00fcllung einer gesetzlichen Verpflichtung erforderlich ist. Mit Unternehmen, die Ihre Daten in unserem Auftrag verarbeiten, schlie\u00dfen wir einen Auftragsverarbeitungsvertrag ab, um das gleiche Ma\u00df an Sicherheit und Vertraulichkeit Ihrer Daten zu gew\u00e4hrleisten. AirbagRecycling.nl bleibt f\u00fcr diese Verarbeitungen verantwortlich.<\/p>\n<p><strong>Cookies oder vergleichbare Techniken, die wir verwenden<\/strong><\/p>\n<p>AirbagRecycling.nl verwendet nur technische und funktionale Cookies sowie analytische Cookies, die Ihre Privatsph\u00e4re nicht verletzen. Ein Cookie ist eine kleine Textdatei, die beim ersten Besuch dieser Website auf Ihrem Computer, Tablet oder Smartphone gespeichert wird. Die von uns verwendeten Cookies sind f\u00fcr den technischen Betrieb der Website und Ihren Bedienungskomfort notwendig. Sie sorgen daf\u00fcr, dass die Website ordnungsgem\u00e4\u00df funktioniert und merken sich beispielsweise Ihre bevorzugten Einstellungen. Damit k\u00f6nnen wir auch unsere Website optimieren. Sie k\u00f6nnen sich von Cookies abmelden, indem Sie Ihren Internetbrowser so einstellen, dass er keine Cookies mehr speichert. Dar\u00fcber hinaus k\u00f6nnen Sie alle zuvor gespeicherten Informationen \u00fcber die Einstellungen Ihres Browsers l\u00f6schen.<\/p>\n<p><strong>Daten einsehen, anpassen oder l\u00f6schen<\/strong><\/p>\n<p>Sie haben das Recht, Ihre personenbezogenen Daten einzusehen, zu korrigieren oder zu l\u00f6schen. Dar\u00fcber hinaus haben Sie das Recht, Ihre eventuelle Einwilligung zur Datenverarbeitung zu widerrufen oder Widerspruch gegen die Verarbeitung Ihrer personenbezogenen Daten durch AirbagRecycling.nl einzulegen, und Sie haben das Recht auf Daten\u00fcbertragbarkeit. Das bedeutet, dass Sie bei uns einen Antrag stellen k\u00f6nnen, die personenbezogenen Daten, die wir von Ihnen in einer Computerdatei haben, an Sie oder eine andere von Ihnen benannte Organisation zu senden. Sie k\u00f6nnen einen Antrag auf Einsicht, Berichtigung, L\u00f6schung, Daten\u00fcbertragung Ihrer personenbezogenen Daten oder einen Antrag auf Widerruf Ihrer Einwilligung oder Widerspruch gegen die Verarbeitung Ihrer personenbezogenen Daten an info@airbagrecycling.nl senden.<\/p>\n<p>Um sicherzustellen, dass der Antrag auf Einsichtnahme von Ihnen stammt, bitten wir Sie, eine Kopie Ihres Identit\u00e4tsnachweises mit dem Antrag zu senden. Schw\u00e4rzen Sie in dieser Kopie Ihr Passfoto, die MRZ (machine readable zone, der Streifen mit Nummern am unteren Rand des Passes), die Passnummer und die B\u00fcrgerservicenummer (BSN) zum Schutz Ihrer Privatsph\u00e4re. Wir werden so schnell wie m\u00f6glich, jedoch innerhalb von vier Wochen, auf Ihre Anfrage reagieren. AirbagRecycling.nl m\u00f6chte Sie au\u00dferdem darauf hinweisen, dass Sie die M\u00f6glichkeit haben, eine Beschwerde bei der nationalen Aufsichtsbeh\u00f6rde einzureichen. Dies kann \u00fcber den folgenden Link erfolgen: <a href=\"https:\/\/autoriteitpersoonsgegevens.nl\/nl\/contact-met-de-autoriteit-persoonsgegevens\/tip-ons\">https:\/\/autoriteitpersoonsgegevens.nl\/nl\/contact-met-de-autoriteit-persoonsgegevens\/tip-ons<\/a><\/p>\n<p><strong>Wie wir personenbezogene Daten sch\u00fctzen<\/strong><\/p>\n<p>AirbagRecycling.nl nimmt den Schutz Ihrer Daten ernst und ergreift angemessene Ma\u00dfnahmen, um Missbrauch, Verlust, unbefugten Zugriff, unerw\u00fcnschte Offenlegung und unbefugte \u00c4nderung zu verhindern. Wenn Sie den Eindruck haben, dass Ihre Daten nicht ordnungsgem\u00e4\u00df gesichert sind oder Anzeichen f\u00fcr Missbrauch vorliegen, wenden Sie sich bitte an uns.<\/p>\n            <\/div>\n        \n        \n        \n        \n    <\/div>\n\n    \n<\/section>","protected":false},"excerpt":{"rendered":"","protected":false},"author":1,"featured_media":0,"parent":0,"menu_order":0,"comment_status":"closed","ping_status":"closed","template":"","meta":{"_acf_changed":false,"footnotes":""},"class_list":["post-1977","page","type-page","status-publish","hentry"],"acf":[],"yoast_head":"<!-- This site is optimized with the Yoast SEO plugin v27.3 - https:\/\/yoast.com\/product\/yoast-seo-wordpress\/ -->\n<title>Datenschutzerkl\u00e4rung - AirbagRecycling.nl<\/title>\n<meta name=\"description\" content=\"Lees hier meer over Datenschutzerkl\u00e4rung | AirbagRecycling.nl\" \/>\n<meta name=\"robots\" content=\"index, follow, max-snippet:-1, max-image-preview:large, max-video-preview:-1\" \/>\n<link rel=\"canonical\" href=\"https:\/\/airbagrecycling.nl\/de\/datenschutzerklaerung\" \/>\n<meta property=\"og:locale\" content=\"de_DE\" \/>\n<meta property=\"og:type\" content=\"article\" \/>\n<meta property=\"og:title\" content=\"Datenschutzerkl\u00e4rung - AirbagRecycling.nl\" \/>\n<meta property=\"og:description\" content=\"Lees hier meer over Datenschutzerkl\u00e4rung | AirbagRecycling.nl\" \/>\n<meta property=\"og:url\" content=\"https:\/\/airbagrecycling.nl\/de\/datenschutzerklaerung\" \/>\n<meta property=\"og:site_name\" content=\"AirbagRecycling.nl\" \/>\n<meta property=\"article:modified_time\" content=\"2026-02-06T15:13:50+00:00\" \/>\n<meta name=\"twitter:card\" content=\"summary_large_image\" \/>\n<script type=\"application\/ld+json\" class=\"yoast-schema-graph\">{\"@context\":\"https:\\\/\\\/schema.org\",\"@graph\":[{\"@type\":\"WebPage\",\"@id\":\"https:\\\/\\\/airbagrecycling.nl\\\/de\\\/datenschutzerklaerung\",\"url\":\"https:\\\/\\\/airbagrecycling.nl\\\/de\\\/datenschutzerklaerung\",\"name\":\"Datenschutzerkl\u00e4rung - AirbagRecycling.nl\",\"isPartOf\":{\"@id\":\"https:\\\/\\\/airbagrecycling.nl\\\/de#website\"},\"datePublished\":\"2023-02-16T13:14:19+00:00\",\"dateModified\":\"2026-02-06T15:13:50+00:00\",\"description\":\"Lees hier meer over Datenschutzerkl\u00e4rung | AirbagRecycling.nl\",\"breadcrumb\":{\"@id\":\"https:\\\/\\\/airbagrecycling.nl\\\/de\\\/datenschutzerklaerung#breadcrumb\"},\"inLanguage\":\"de\",\"potentialAction\":[{\"@type\":\"ReadAction\",\"target\":[\"https:\\\/\\\/airbagrecycling.nl\\\/de\\\/datenschutzerklaerung\"]}]},{\"@type\":\"BreadcrumbList\",\"@id\":\"https:\\\/\\\/airbagrecycling.nl\\\/de\\\/datenschutzerklaerung#breadcrumb\",\"itemListElement\":[{\"@type\":\"ListItem\",\"position\":1,\"name\":\"\",\"item\":\"https:\\\/\\\/airbagrecycling.nl\\\/de\"},{\"@type\":\"ListItem\",\"position\":2,\"name\":\"Datenschutzerkl\u00e4rung\"}]},{\"@type\":\"WebSite\",\"@id\":\"https:\\\/\\\/airbagrecycling.nl\\\/de#website\",\"url\":\"https:\\\/\\\/airbagrecycling.nl\\\/de\",\"name\":\"AirbagRecycling.nl\",\"description\":\"\",\"potentialAction\":[{\"@type\":\"SearchAction\",\"target\":{\"@type\":\"EntryPoint\",\"urlTemplate\":\"https:\\\/\\\/airbagrecycling.nl\\\/de?s={search_term_string}\"},\"query-input\":{\"@type\":\"PropertyValueSpecification\",\"valueRequired\":true,\"valueName\":\"search_term_string\"}}],\"inLanguage\":\"de\"}]}<\/script>\n<!-- \/ Yoast SEO plugin. -->","yoast_head_json":{"title":"Datenschutzerkl\u00e4rung - AirbagRecycling.nl","description":"Lees hier meer over Datenschutzerkl\u00e4rung | AirbagRecycling.nl","robots":{"index":"index","follow":"follow","max-snippet":"max-snippet:-1","max-image-preview":"max-image-preview:large","max-video-preview":"max-video-preview:-1"},"canonical":"https:\/\/airbagrecycling.nl\/de\/datenschutzerklaerung","og_locale":"de_DE","og_type":"article","og_title":"Datenschutzerkl\u00e4rung - AirbagRecycling.nl","og_description":"Lees hier meer over Datenschutzerkl\u00e4rung | AirbagRecycling.nl","og_url":"https:\/\/airbagrecycling.nl\/de\/datenschutzerklaerung","og_site_name":"AirbagRecycling.nl","article_modified_time":"2026-02-06T15:13:50+00:00","twitter_card":"summary_large_image","schema":{"@context":"https:\/\/schema.org","@graph":[{"@type":"WebPage","@id":"https:\/\/airbagrecycling.nl\/de\/datenschutzerklaerung","url":"https:\/\/airbagrecycling.nl\/de\/datenschutzerklaerung","name":"Datenschutzerkl\u00e4rung - AirbagRecycling.nl","isPartOf":{"@id":"https:\/\/airbagrecycling.nl\/de#website"},"datePublished":"2023-02-16T13:14:19+00:00","dateModified":"2026-02-06T15:13:50+00:00","description":"Lees hier meer over Datenschutzerkl\u00e4rung | AirbagRecycling.nl","breadcrumb":{"@id":"https:\/\/airbagrecycling.nl\/de\/datenschutzerklaerung#breadcrumb"},"inLanguage":"de","potentialAction":[{"@type":"ReadAction","target":["https:\/\/airbagrecycling.nl\/de\/datenschutzerklaerung"]}]},{"@type":"BreadcrumbList","@id":"https:\/\/airbagrecycling.nl\/de\/datenschutzerklaerung#breadcrumb","itemListElement":[{"@type":"ListItem","position":1,"name":"","item":"https:\/\/airbagrecycling.nl\/de"},{"@type":"ListItem","position":2,"name":"Datenschutzerkl\u00e4rung"}]},{"@type":"WebSite","@id":"https:\/\/airbagrecycling.nl\/de#website","url":"https:\/\/airbagrecycling.nl\/de","name":"AirbagRecycling.nl","description":"","potentialAction":[{"@type":"SearchAction","target":{"@type":"EntryPoint","urlTemplate":"https:\/\/airbagrecycling.nl\/de?s={search_term_string}"},"query-input":{"@type":"PropertyValueSpecification","valueRequired":true,"valueName":"search_term_string"}}],"inLanguage":"de"}]}},"_links":{"self":[{"href":"https:\/\/airbagrecycling.nl\/de\/wp-json\/wp\/v2\/pages\/1977","targetHints":{"allow":["GET"]}}],"collection":[{"href":"https:\/\/airbagrecycling.nl\/de\/wp-json\/wp\/v2\/pages"}],"about":[{"href":"https:\/\/airbagrecycling.nl\/de\/wp-json\/wp\/v2\/types\/page"}],"author":[{"embeddable":true,"href":"https:\/\/airbagrecycling.nl\/de\/wp-json\/wp\/v2\/users\/1"}],"replies":[{"embeddable":true,"href":"https:\/\/airbagrecycling.nl\/de\/wp-json\/wp\/v2\/comments?post=1977"}],"version-history":[{"count":3,"href":"https:\/\/airbagrecycling.nl\/de\/wp-json\/wp\/v2\/pages\/1977\/revisions"}],"predecessor-version":[{"id":1989,"href":"https:\/\/airbagrecycling.nl\/de\/wp-json\/wp\/v2\/pages\/1977\/revisions\/1989"}],"wp:attachment":[{"href":"https:\/\/airbagrecycling.nl\/de\/wp-json\/wp\/v2\/media?parent=1977"}],"curies":[{"name":"wp","href":"https:\/\/api.w.org\/{rel}","templated":true}]}}